{"id":4670,"date":"2019-04-19T04:23:23","date_gmt":"2019-04-19T02:23:23","guid":{"rendered":"https:\/\/latexballerina.com\/members\/"},"modified":"2026-03-14T14:36:54","modified_gmt":"2026-03-14T13:36:54","slug":"alben","status":"publish","type":"page","link":"https:\/\/latexballerina.com\/de\/alben\/","title":{"rendered":"Alben"},"content":{"rendered":"<div class=\"wpb-content-wrapper\">[vc_row css=&#8221;.vc_custom_1573104001055{padding-top: 40px !important;}&#8221;][vc_column][vc_column_text css=&#8221;&#8221;]\n<h2 style=\"text-align: center;\">Alle Alben<\/h2>\n[\/vc_column_text][\/vc_column][vc_column width=&#8221;1\/2&#8243;][vc_column_text css=&#8221;&#8221;]Wo die strenge Disziplin des Balletts auf die k\u00fchne Welt des Latex trifft, entsteht eine neue Form von Kunst: flie\u00dfend, kraftvoll und unverwechselbar originell. Klick dich durch und erlebe eine kulturelle Synthese, die herausfordert und fesselt.[\/vc_column_text][\/vc_column][vc_column width=&#8221;1\/2&#8243;][vc_column_text css=&#8221;&#8221;]Latex formt den K\u00f6rper zur lebendigen Skulptur, Ballett verleiht ihm Anmut und Pr\u00e4zision. F\u00fcr alle, die Kunst jenseits des Gew\u00f6hnlichen suchen \u2013 tauche ein in diesen visuellen Dialog und unterst\u00fctze die Kultur dahinter.[\/vc_column_text][\/vc_column][vc_column][vc_empty_space height=&#8221;30px&#8221;]\t\t<nav class=\"et-portfolio-filter\" id=\"et-filter-341\">\n\n\t\t<ul>\n\t\t\t<li class=\"active\"><a class=\"tab-link\">All<\/a><\/li>\n\t\t\t<li class=\"2025\"><a class=\"tab-link\" data-filter=\"cat-2025\" data-term-id=\"82\">2025<\/a><\/li><li class=\"2026\"><a class=\"tab-link\" data-filter=\"cat-2026\" data-term-id=\"116\">2026<\/a><\/li><li class=\"specials\"><a class=\"tab-link\" data-filter=\"cat-specials\" data-term-id=\"117\">Specials<\/a><\/li>\t\t<\/ul>\n\t<\/nav>\n\t\t<div class=\"regular-padding row masonry et-loader variable-height et-portfolio et-portfolio-layout-masonry-columns et-portfolio-style-regular\" data-loadmore=\"#loadmore-341\" data-filter=\"et-filter-341\" data-layoutmode=\"packery\" >\n  \t\t<div class=\"item type-portfolio aspect-ratio-original  cat-2026 col-12 col-md-4 col-lg-3 post-32428 portfolio status-publish has-post-thumbnail hentry portfolio-category-116\" id=\"portfolio-32428\">\t\n\t<div class=\"portfolio-holder masonry-items-holder \">\n\t\t<div class=\"et-portfolio-image\">\n\t\t\t<img decoding=\"async\" width=\"768\" height=\"922\" data-src=\"https:\/\/latexballerina.com\/assets\/uploads\/P1037738_feat.jpg\" class=\"attachment-medium_large size-medium_large wp-post-image lazyload\" alt=\"\" data-srcset=\"https:\/\/latexballerina.com\/assets\/uploads\/P1037738_feat.jpg 853w, https:\/\/latexballerina.com\/assets\/smush-webp\/P1037738_feat-383x460.jpg.webp 383w, https:\/\/latexballerina.com\/assets\/smush-webp\/P1037738_feat-125x150.jpg.webp 125w, https:\/\/latexballerina.com\/assets\/smush-webp\/P1037738_feat-768x922.jpg.webp 768w, https:\/\/latexballerina.com\/assets\/smush-webp\/P1037738_feat-375x450.jpg.webp 375w, https:\/\/latexballerina.com\/assets\/smush-webp\/P1037738_feat-500x600.jpg.webp 500w\" data-sizes=\"auto\" src=\"data:image\/svg+xml;base64,PHN2ZyB3aWR0aD0iMSIgaGVpZ2h0PSIxIiB4bWxucz0iaHR0cDovL3d3dy53My5vcmcvMjAwMC9zdmciPjwvc3ZnPg==\" style=\"--smush-placeholder-width: 768px; --smush-placeholder-aspect-ratio: 768\/922;\" data-original-sizes=\"(max-width: 768px) 100vw, 768px\" \/><noscript><img decoding=\"async\" width=\"768\" height=\"922\" src=\"https:\/\/latexballerina.com\/assets\/uploads\/P1037738_feat.jpg\" class=\"attachment-medium_large size-medium_large wp-post-image\" alt=\"\" srcset=\"https:\/\/latexballerina.com\/assets\/uploads\/P1037738_feat.jpg 853w, https:\/\/latexballerina.com\/assets\/uploads\/P1037738_feat-383x460.jpg 383w, https:\/\/latexballerina.com\/assets\/uploads\/P1037738_feat-125x150.jpg 125w, https:\/\/latexballerina.com\/assets\/uploads\/P1037738_feat-768x922.jpg 768w, https:\/\/latexballerina.com\/assets\/uploads\/P1037738_feat-375x450.jpg 375w, https:\/\/latexballerina.com\/assets\/uploads\/P1037738_feat-500x600.jpg 500w\" sizes=\"(max-width: 768px) 100vw, 768px\" \/><\/noscript>\t\t\t<div class=\"et-portfolio-hover\"><\/div>\n\t\t<\/div>\n\t\t<a href=\"https:\/\/latexballerina.com\/de\/album\/0035-industrial-sunrise\/\" class=\"et-portfolio-link\"><\/a>\n\t\t<div class=\"et-portfolio-content\">\n\t\t\t<aside class=\"et-portfolio-categories post-categories\">2026<\/aside>\n\t\t\t<h3>0035 Industrial Sunrise<\/h3>\n\t\t<\/div>\n\t<\/div>\n<\/div><div class=\"item type-portfolio aspect-ratio-original  cat-2026 col-12 col-md-4 col-lg-3 post-26862 portfolio status-publish has-post-thumbnail hentry portfolio-category-116\" id=\"portfolio-26862\">\t\n\t<div class=\"portfolio-holder masonry-items-holder \">\n\t\t<div class=\"et-portfolio-image\">\n\t\t\t<img decoding=\"async\" width=\"768\" height=\"922\" data-src=\"https:\/\/latexballerina.com\/assets\/uploads\/P1040241_feat.jpg\" class=\"attachment-medium_large size-medium_large wp-post-image lazyload\" alt=\"\" data-srcset=\"https:\/\/latexballerina.com\/assets\/uploads\/P1040241_feat.jpg 853w, https:\/\/latexballerina.com\/assets\/smush-webp\/P1040241_feat-125x150.jpg.webp 125w\" data-sizes=\"auto\" src=\"data:image\/svg+xml;base64,PHN2ZyB3aWR0aD0iMSIgaGVpZ2h0PSIxIiB4bWxucz0iaHR0cDovL3d3dy53My5vcmcvMjAwMC9zdmciPjwvc3ZnPg==\" style=\"--smush-placeholder-width: 768px; --smush-placeholder-aspect-ratio: 768\/922;\" data-original-sizes=\"(max-width: 768px) 100vw, 768px\" \/><noscript><img decoding=\"async\" width=\"768\" height=\"922\" src=\"https:\/\/latexballerina.com\/assets\/uploads\/P1040241_feat.jpg\" class=\"attachment-medium_large size-medium_large wp-post-image\" alt=\"\" srcset=\"https:\/\/latexballerina.com\/assets\/uploads\/P1040241_feat.jpg 853w, https:\/\/latexballerina.com\/assets\/uploads\/P1040241_feat-125x150.jpg 125w\" sizes=\"(max-width: 768px) 100vw, 768px\" \/><\/noscript>\t\t\t<div class=\"et-portfolio-hover\"><\/div>\n\t\t<\/div>\n\t\t<a href=\"https:\/\/latexballerina.com\/de\/album\/0030-flying-shiny-ballerina\/\" class=\"et-portfolio-link\"><\/a>\n\t\t<div class=\"et-portfolio-content\">\n\t\t\t<aside class=\"et-portfolio-categories post-categories\">2026<\/aside>\n\t\t\t<h3>0030 Flying shiny Ballerina<\/h3>\n\t\t<\/div>\n\t<\/div>\n<\/div><div class=\"item type-portfolio aspect-ratio-original  cat-2026 col-12 col-md-4 col-lg-3 post-19619 portfolio status-publish has-post-thumbnail hentry portfolio-category-116\" id=\"portfolio-19619\">\t\n\t<div class=\"portfolio-holder masonry-items-holder \">\n\t\t<div class=\"et-portfolio-image\">\n\t\t\t<img decoding=\"async\" width=\"768\" height=\"922\" data-src=\"https:\/\/latexballerina.com\/assets\/uploads\/P1038585_feat.jpg\" class=\"attachment-medium_large size-medium_large wp-post-image lazyload\" alt=\"\" data-srcset=\"https:\/\/latexballerina.com\/assets\/uploads\/P1038585_feat.jpg 853w, https:\/\/latexballerina.com\/assets\/smush-webp\/P1038585_feat-125x150.jpg.webp 125w\" data-sizes=\"auto\" src=\"data:image\/svg+xml;base64,PHN2ZyB3aWR0aD0iMSIgaGVpZ2h0PSIxIiB4bWxucz0iaHR0cDovL3d3dy53My5vcmcvMjAwMC9zdmciPjwvc3ZnPg==\" style=\"--smush-placeholder-width: 768px; --smush-placeholder-aspect-ratio: 768\/922;\" data-original-sizes=\"(max-width: 768px) 100vw, 768px\" \/><noscript><img decoding=\"async\" width=\"768\" height=\"922\" src=\"https:\/\/latexballerina.com\/assets\/uploads\/P1038585_feat.jpg\" class=\"attachment-medium_large size-medium_large wp-post-image\" alt=\"\" srcset=\"https:\/\/latexballerina.com\/assets\/uploads\/P1038585_feat.jpg 853w, https:\/\/latexballerina.com\/assets\/uploads\/P1038585_feat-125x150.jpg 125w\" sizes=\"(max-width: 768px) 100vw, 768px\" \/><\/noscript>\t\t\t<div class=\"et-portfolio-hover\"><\/div>\n\t\t<\/div>\n\t\t<a href=\"https:\/\/latexballerina.com\/de\/album\/0028-black-bold-elegance\/\" class=\"et-portfolio-link\"><\/a>\n\t\t<div class=\"et-portfolio-content\">\n\t\t\t<aside class=\"et-portfolio-categories post-categories\">2026<\/aside>\n\t\t\t<h3>0028 Black, Bold, Elegance<\/h3>\n\t\t<\/div>\n\t<\/div>\n<\/div><div class=\"item type-portfolio aspect-ratio-original  cat-2025 col-12 col-md-4 col-lg-3 post-12946 portfolio status-publish has-post-thumbnail hentry portfolio-category-82\" id=\"portfolio-12946\">\t\n\t<div class=\"portfolio-holder masonry-items-holder \">\n\t\t<div class=\"et-portfolio-image\">\n\t\t\t<img decoding=\"async\" width=\"768\" height=\"922\" data-src=\"https:\/\/latexballerina.com\/assets\/uploads\/P1038310_feat.jpg\" class=\"attachment-medium_large size-medium_large wp-post-image lazyload\" alt=\"\" data-srcset=\"https:\/\/latexballerina.com\/assets\/uploads\/P1038310_feat.jpg 853w, https:\/\/latexballerina.com\/assets\/smush-webp\/P1038310_feat-125x150.jpg.webp 125w\" data-sizes=\"auto\" src=\"data:image\/svg+xml;base64,PHN2ZyB3aWR0aD0iMSIgaGVpZ2h0PSIxIiB4bWxucz0iaHR0cDovL3d3dy53My5vcmcvMjAwMC9zdmciPjwvc3ZnPg==\" style=\"--smush-placeholder-width: 768px; --smush-placeholder-aspect-ratio: 768\/922;\" data-original-sizes=\"(max-width: 768px) 100vw, 768px\" \/><noscript><img decoding=\"async\" width=\"768\" height=\"922\" src=\"https:\/\/latexballerina.com\/assets\/uploads\/P1038310_feat.jpg\" class=\"attachment-medium_large size-medium_large wp-post-image\" alt=\"\" srcset=\"https:\/\/latexballerina.com\/assets\/uploads\/P1038310_feat.jpg 853w, https:\/\/latexballerina.com\/assets\/uploads\/P1038310_feat-125x150.jpg 125w\" sizes=\"(max-width: 768px) 100vw, 768px\" \/><\/noscript>\t\t\t<div class=\"et-portfolio-hover\"><\/div>\n\t\t<\/div>\n\t\t<a href=\"https:\/\/latexballerina.com\/de\/album\/0019-industrial-lifestyle\/\" class=\"et-portfolio-link\"><\/a>\n\t\t<div class=\"et-portfolio-content\">\n\t\t\t<aside class=\"et-portfolio-categories post-categories\">2025<\/aside>\n\t\t\t<h3>0019 Industrial Lifestyle<\/h3>\n\t\t<\/div>\n\t<\/div>\n<\/div><div class=\"item type-portfolio aspect-ratio-original  cat-2025 col-12 col-md-4 col-lg-3 post-14313 portfolio status-publish has-post-thumbnail hentry portfolio-category-82\" id=\"portfolio-14313\">\t\n\t<div class=\"portfolio-holder masonry-items-holder \">\n\t\t<div class=\"et-portfolio-image\">\n\t\t\t<img decoding=\"async\" width=\"768\" height=\"922\" data-src=\"https:\/\/latexballerina.com\/assets\/uploads\/P1026590_feat.jpg\" class=\"attachment-medium_large size-medium_large wp-post-image lazyload\" alt=\"\" data-srcset=\"https:\/\/latexballerina.com\/assets\/uploads\/P1026590_feat.jpg 853w, https:\/\/latexballerina.com\/assets\/smush-webp\/P1026590_feat-125x150.jpg.webp 125w\" data-sizes=\"auto\" src=\"data:image\/svg+xml;base64,PHN2ZyB3aWR0aD0iMSIgaGVpZ2h0PSIxIiB4bWxucz0iaHR0cDovL3d3dy53My5vcmcvMjAwMC9zdmciPjwvc3ZnPg==\" style=\"--smush-placeholder-width: 768px; --smush-placeholder-aspect-ratio: 768\/922;\" data-original-sizes=\"(max-width: 768px) 100vw, 768px\" \/><noscript><img decoding=\"async\" width=\"768\" height=\"922\" src=\"https:\/\/latexballerina.com\/assets\/uploads\/P1026590_feat.jpg\" class=\"attachment-medium_large size-medium_large wp-post-image\" alt=\"\" srcset=\"https:\/\/latexballerina.com\/assets\/uploads\/P1026590_feat.jpg 853w, https:\/\/latexballerina.com\/assets\/uploads\/P1026590_feat-125x150.jpg 125w\" sizes=\"(max-width: 768px) 100vw, 768px\" \/><\/noscript>\t\t\t<div class=\"et-portfolio-hover\"><\/div>\n\t\t<\/div>\n\t\t<a href=\"https:\/\/latexballerina.com\/de\/album\/0015-kasumi-goto-ballerina\/\" class=\"et-portfolio-link\"><\/a>\n\t\t<div class=\"et-portfolio-content\">\n\t\t\t<aside class=\"et-portfolio-categories post-categories\">2025<\/aside>\n\t\t\t<h3>0015 Kasumi Goto Ballerina<\/h3>\n\t\t<\/div>\n\t<\/div>\n<\/div><div class=\"item type-portfolio aspect-ratio-original  cat-2025 col-12 col-md-4 col-lg-3 post-8175 portfolio status-publish has-post-thumbnail hentry portfolio-category-82\" id=\"portfolio-8175\">\t\n\t<div class=\"portfolio-holder masonry-items-holder \">\n\t\t<div class=\"et-portfolio-image\">\n\t\t\t<img decoding=\"async\" width=\"768\" height=\"922\" data-src=\"https:\/\/latexballerina.com\/assets\/uploads\/P1014327_feat.jpg\" class=\"attachment-medium_large size-medium_large wp-post-image lazyload\" alt=\"\" data-srcset=\"https:\/\/latexballerina.com\/assets\/uploads\/P1014327_feat.jpg 853w, https:\/\/latexballerina.com\/assets\/smush-webp\/P1014327_feat-125x150.jpg.webp 125w\" data-sizes=\"auto\" src=\"data:image\/svg+xml;base64,PHN2ZyB3aWR0aD0iMSIgaGVpZ2h0PSIxIiB4bWxucz0iaHR0cDovL3d3dy53My5vcmcvMjAwMC9zdmciPjwvc3ZnPg==\" style=\"--smush-placeholder-width: 768px; --smush-placeholder-aspect-ratio: 768\/922;\" data-original-sizes=\"(max-width: 768px) 100vw, 768px\" \/><noscript><img decoding=\"async\" width=\"768\" height=\"922\" src=\"https:\/\/latexballerina.com\/assets\/uploads\/P1014327_feat.jpg\" class=\"attachment-medium_large size-medium_large wp-post-image\" alt=\"\" srcset=\"https:\/\/latexballerina.com\/assets\/uploads\/P1014327_feat.jpg 853w, https:\/\/latexballerina.com\/assets\/uploads\/P1014327_feat-125x150.jpg 125w\" sizes=\"(max-width: 768px) 100vw, 768px\" \/><\/noscript>\t\t\t<div class=\"et-portfolio-hover\"><\/div>\n\t\t<\/div>\n\t\t<a href=\"https:\/\/latexballerina.com\/de\/album\/0009-underground-ballerina\/\" class=\"et-portfolio-link\"><\/a>\n\t\t<div class=\"et-portfolio-content\">\n\t\t\t<aside class=\"et-portfolio-categories post-categories\">2025<\/aside>\n\t\t\t<h3>0009 Underground Ballerina<\/h3>\n\t\t<\/div>\n\t<\/div>\n<\/div><div class=\"item type-portfolio aspect-ratio-original  cat-specials col-12 col-md-4 col-lg-3 post-16242 portfolio status-publish has-post-thumbnail hentry portfolio-category-specials\" id=\"portfolio-16242\">\t\n\t<div class=\"portfolio-holder masonry-items-holder \">\n\t\t<div class=\"et-portfolio-image\">\n\t\t\t<img decoding=\"async\" width=\"768\" height=\"922\" data-src=\"https:\/\/latexballerina.com\/assets\/uploads\/002.jpg\" class=\"attachment-medium_large size-medium_large wp-post-image lazyload\" alt=\"\" data-srcset=\"https:\/\/latexballerina.com\/assets\/uploads\/002.jpg 853w, https:\/\/latexballerina.com\/assets\/smush-webp\/002-125x150.jpg.webp 125w\" data-sizes=\"auto\" src=\"data:image\/svg+xml;base64,PHN2ZyB3aWR0aD0iMSIgaGVpZ2h0PSIxIiB4bWxucz0iaHR0cDovL3d3dy53My5vcmcvMjAwMC9zdmciPjwvc3ZnPg==\" style=\"--smush-placeholder-width: 768px; --smush-placeholder-aspect-ratio: 768\/922;\" data-original-sizes=\"(max-width: 768px) 100vw, 768px\" \/><noscript><img decoding=\"async\" width=\"768\" height=\"922\" src=\"https:\/\/latexballerina.com\/assets\/uploads\/002.jpg\" class=\"attachment-medium_large size-medium_large wp-post-image\" alt=\"\" srcset=\"https:\/\/latexballerina.com\/assets\/uploads\/002.jpg 853w, https:\/\/latexballerina.com\/assets\/uploads\/002-125x150.jpg 125w\" sizes=\"(max-width: 768px) 100vw, 768px\" \/><\/noscript>\t\t\t<div class=\"et-portfolio-hover\"><\/div>\n\t\t<\/div>\n\t\t<a href=\"https:\/\/latexballerina.com\/de\/album\/002-underground-spider-gwen-masked\/\" class=\"et-portfolio-link\"><\/a>\n\t\t<div class=\"et-portfolio-content\">\n\t\t\t<aside class=\"et-portfolio-categories post-categories\">Specials<\/aside>\n\t\t\t<h3>002 Underground Spider Gwen (masked)<\/h3>\n\t\t<\/div>\n\t<\/div>\n<\/div><div class=\"item type-portfolio aspect-ratio-original  cat-2025 col-12 col-md-4 col-lg-3 post-6565 portfolio status-publish has-post-thumbnail hentry portfolio-category-82\" id=\"portfolio-6565\">\t\n\t<div class=\"portfolio-holder masonry-items-holder \">\n\t\t<div class=\"et-portfolio-image\">\n\t\t\t<img decoding=\"async\" width=\"768\" height=\"922\" data-src=\"https:\/\/latexballerina.com\/assets\/uploads\/L_005336_feat.jpg\" class=\"attachment-medium_large size-medium_large wp-post-image lazyload\" alt=\"\" data-srcset=\"https:\/\/latexballerina.com\/assets\/uploads\/L_005336_feat.jpg 853w, https:\/\/latexballerina.com\/assets\/smush-webp\/L_005336_feat-125x150.jpg.webp 125w\" data-sizes=\"auto\" src=\"data:image\/svg+xml;base64,PHN2ZyB3aWR0aD0iMSIgaGVpZ2h0PSIxIiB4bWxucz0iaHR0cDovL3d3dy53My5vcmcvMjAwMC9zdmciPjwvc3ZnPg==\" style=\"--smush-placeholder-width: 768px; --smush-placeholder-aspect-ratio: 768\/922;\" data-original-sizes=\"(max-width: 768px) 100vw, 768px\" \/><noscript><img decoding=\"async\" width=\"768\" height=\"922\" src=\"https:\/\/latexballerina.com\/assets\/uploads\/L_005336_feat.jpg\" class=\"attachment-medium_large size-medium_large wp-post-image\" alt=\"\" srcset=\"https:\/\/latexballerina.com\/assets\/uploads\/L_005336_feat.jpg 853w, https:\/\/latexballerina.com\/assets\/uploads\/L_005336_feat-125x150.jpg 125w\" sizes=\"(max-width: 768px) 100vw, 768px\" \/><\/noscript>\t\t\t<div class=\"et-portfolio-hover\"><\/div>\n\t\t<\/div>\n\t\t<a href=\"https:\/\/latexballerina.com\/de\/album\/0007-a-stage-with-a-train\/\" class=\"et-portfolio-link\"><\/a>\n\t\t<div class=\"et-portfolio-content\">\n\t\t\t<aside class=\"et-portfolio-categories post-categories\">2025<\/aside>\n\t\t\t<h3>0007 A Stage With A Train<\/h3>\n\t\t<\/div>\n\t<\/div>\n<\/div><div class=\"item type-portfolio aspect-ratio-original  cat-2025 col-12 col-md-4 col-lg-3 post-5662 portfolio status-publish has-post-thumbnail hentry portfolio-category-82\" id=\"portfolio-5662\">\t\n\t<div class=\"portfolio-holder masonry-items-holder \">\n\t\t<div class=\"et-portfolio-image\">\n\t\t\t<img decoding=\"async\" width=\"768\" height=\"922\" data-src=\"https:\/\/latexballerina.com\/assets\/uploads\/P1013646_feat.jpg\" class=\"attachment-medium_large size-medium_large wp-post-image lazyload\" alt=\"\" data-srcset=\"https:\/\/latexballerina.com\/assets\/uploads\/P1013646_feat.jpg 853w, https:\/\/latexballerina.com\/assets\/smush-webp\/P1013646_feat-125x150.jpg.webp 125w\" data-sizes=\"auto\" src=\"data:image\/svg+xml;base64,PHN2ZyB3aWR0aD0iMSIgaGVpZ2h0PSIxIiB4bWxucz0iaHR0cDovL3d3dy53My5vcmcvMjAwMC9zdmciPjwvc3ZnPg==\" style=\"--smush-placeholder-width: 768px; --smush-placeholder-aspect-ratio: 768\/922;\" data-original-sizes=\"(max-width: 768px) 100vw, 768px\" \/><noscript><img decoding=\"async\" width=\"768\" height=\"922\" src=\"https:\/\/latexballerina.com\/assets\/uploads\/P1013646_feat.jpg\" class=\"attachment-medium_large size-medium_large wp-post-image\" alt=\"\" srcset=\"https:\/\/latexballerina.com\/assets\/uploads\/P1013646_feat.jpg 853w, https:\/\/latexballerina.com\/assets\/uploads\/P1013646_feat-125x150.jpg 125w\" sizes=\"(max-width: 768px) 100vw, 768px\" \/><\/noscript>\t\t\t<div class=\"et-portfolio-hover\"><\/div>\n\t\t<\/div>\n\t\t<a href=\"https:\/\/latexballerina.com\/de\/album\/0005-subway-dance-in-shiny-black\/\" class=\"et-portfolio-link\"><\/a>\n\t\t<div class=\"et-portfolio-content\">\n\t\t\t<aside class=\"et-portfolio-categories post-categories\">2025<\/aside>\n\t\t\t<h3>0005 Subway dance in shiny black<\/h3>\n\t\t<\/div>\n\t<\/div>\n<\/div><div class=\"item type-portfolio aspect-ratio-original  cat-2025 col-12 col-md-4 col-lg-3 post-5370 portfolio status-publish has-post-thumbnail hentry portfolio-category-82\" id=\"portfolio-5370\">\t\n\t<div class=\"portfolio-holder masonry-items-holder \">\n\t\t<div class=\"et-portfolio-image\">\n\t\t\t<img decoding=\"async\" width=\"768\" height=\"922\" data-src=\"https:\/\/latexballerina.com\/assets\/uploads\/P1025798_feat.jpg\" class=\"attachment-medium_large size-medium_large wp-post-image lazyload\" alt=\"\" data-srcset=\"https:\/\/latexballerina.com\/assets\/uploads\/P1025798_feat.jpg 853w, https:\/\/latexballerina.com\/assets\/smush-webp\/P1025798_feat-125x150.jpg.webp 125w\" data-sizes=\"auto\" src=\"data:image\/svg+xml;base64,PHN2ZyB3aWR0aD0iMSIgaGVpZ2h0PSIxIiB4bWxucz0iaHR0cDovL3d3dy53My5vcmcvMjAwMC9zdmciPjwvc3ZnPg==\" style=\"--smush-placeholder-width: 768px; --smush-placeholder-aspect-ratio: 768\/922;\" data-original-sizes=\"(max-width: 768px) 100vw, 768px\" \/><noscript><img decoding=\"async\" width=\"768\" height=\"922\" src=\"https:\/\/latexballerina.com\/assets\/uploads\/P1025798_feat.jpg\" class=\"attachment-medium_large size-medium_large wp-post-image\" alt=\"\" srcset=\"https:\/\/latexballerina.com\/assets\/uploads\/P1025798_feat.jpg 853w, https:\/\/latexballerina.com\/assets\/uploads\/P1025798_feat-125x150.jpg 125w\" sizes=\"(max-width: 768px) 100vw, 768px\" \/><\/noscript>\t\t\t<div class=\"et-portfolio-hover\"><\/div>\n\t\t<\/div>\n\t\t<a href=\"https:\/\/latexballerina.com\/de\/album\/0004-shiro-latex-ballerina-cosplay\/\" class=\"et-portfolio-link\"><\/a>\n\t\t<div class=\"et-portfolio-content\">\n\t\t\t<aside class=\"et-portfolio-categories post-categories\">2025<\/aside>\n\t\t\t<h3>0004 Shiro latex ballerina cosplay<\/h3>\n\t\t<\/div>\n\t<\/div>\n<\/div><div class=\"item type-portfolio aspect-ratio-original  cat-2025 col-12 col-md-4 col-lg-3 post-4838 portfolio status-publish has-post-thumbnail hentry portfolio-category-82\" id=\"portfolio-4838\">\t\n\t<div class=\"portfolio-holder masonry-items-holder \">\n\t\t<div class=\"et-portfolio-image\">\n\t\t\t<img decoding=\"async\" width=\"768\" height=\"922\" data-src=\"https:\/\/latexballerina.com\/assets\/uploads\/L_004704_feat.jpg\" class=\"attachment-medium_large size-medium_large wp-post-image lazyload\" alt=\"\" data-srcset=\"https:\/\/latexballerina.com\/assets\/uploads\/L_004704_feat.jpg 853w, https:\/\/latexballerina.com\/assets\/smush-webp\/L_004704_feat-125x150.jpg.webp 125w\" data-sizes=\"auto\" src=\"data:image\/svg+xml;base64,PHN2ZyB3aWR0aD0iMSIgaGVpZ2h0PSIxIiB4bWxucz0iaHR0cDovL3d3dy53My5vcmcvMjAwMC9zdmciPjwvc3ZnPg==\" style=\"--smush-placeholder-width: 768px; --smush-placeholder-aspect-ratio: 768\/922;\" data-original-sizes=\"(max-width: 768px) 100vw, 768px\" \/><noscript><img decoding=\"async\" width=\"768\" height=\"922\" src=\"https:\/\/latexballerina.com\/assets\/uploads\/L_004704_feat.jpg\" class=\"attachment-medium_large size-medium_large wp-post-image\" alt=\"\" srcset=\"https:\/\/latexballerina.com\/assets\/uploads\/L_004704_feat.jpg 853w, https:\/\/latexballerina.com\/assets\/uploads\/L_004704_feat-125x150.jpg 125w\" sizes=\"(max-width: 768px) 100vw, 768px\" \/><\/noscript>\t\t\t<div class=\"et-portfolio-hover\"><\/div>\n\t\t<\/div>\n\t\t<a href=\"https:\/\/latexballerina.com\/de\/album\/0003-evangelion-latex-cosplay\/\" class=\"et-portfolio-link\"><\/a>\n\t\t<div class=\"et-portfolio-content\">\n\t\t\t<aside class=\"et-portfolio-categories post-categories\">2025<\/aside>\n\t\t\t<h3>0003 Evangelion latex cosplay<\/h3>\n\t\t<\/div>\n\t<\/div>\n<\/div><div class=\"item type-portfolio aspect-ratio-original  cat-specials col-12 col-md-4 col-lg-3 post-5258 portfolio status-publish has-post-thumbnail hentry portfolio-category-specials\" id=\"portfolio-5258\">\t\n\t<div class=\"portfolio-holder masonry-items-holder \">\n\t\t<div class=\"et-portfolio-image\">\n\t\t\t<img decoding=\"async\" width=\"768\" height=\"922\" data-src=\"https:\/\/latexballerina.com\/assets\/uploads\/L_004659_feat.jpg\" class=\"attachment-medium_large size-medium_large wp-post-image lazyload\" alt=\"\" data-srcset=\"https:\/\/latexballerina.com\/assets\/uploads\/L_004659_feat.jpg 853w, https:\/\/latexballerina.com\/assets\/smush-webp\/L_004659_feat-125x150.jpg.webp 125w\" data-sizes=\"auto\" src=\"data:image\/svg+xml;base64,PHN2ZyB3aWR0aD0iMSIgaGVpZ2h0PSIxIiB4bWxucz0iaHR0cDovL3d3dy53My5vcmcvMjAwMC9zdmciPjwvc3ZnPg==\" style=\"--smush-placeholder-width: 768px; --smush-placeholder-aspect-ratio: 768\/922;\" data-original-sizes=\"(max-width: 768px) 100vw, 768px\" \/><noscript><img decoding=\"async\" width=\"768\" height=\"922\" src=\"https:\/\/latexballerina.com\/assets\/uploads\/L_004659_feat.jpg\" class=\"attachment-medium_large size-medium_large wp-post-image\" alt=\"\" srcset=\"https:\/\/latexballerina.com\/assets\/uploads\/L_004659_feat.jpg 853w, https:\/\/latexballerina.com\/assets\/uploads\/L_004659_feat-125x150.jpg 125w\" sizes=\"(max-width: 768px) 100vw, 768px\" \/><\/noscript>\t\t\t<div class=\"et-portfolio-hover\"><\/div>\n\t\t<\/div>\n\t\t<a href=\"https:\/\/latexballerina.com\/de\/album\/001-dainese-ballet-heels-special\/\" class=\"et-portfolio-link\"><\/a>\n\t\t<div class=\"et-portfolio-content\">\n\t\t\t<aside class=\"et-portfolio-categories post-categories\">Specials<\/aside>\n\t\t\t<h3>001 Dainese ballet heels special<\/h3>\n\t\t<\/div>\n\t<\/div>\n<\/div>\t<\/div>\n\t\n\t[vc_empty_space height=&#8221;30px&#8221;][\/vc_column][\/vc_row]\n<\/div>","protected":false},"excerpt":{"rendered":"<p>[vc_row css=&#8221;.vc_custom_1573104001055{padding-top: 40px !important;}&#8221;][vc_column][vc_column_text css=&#8221;&#8221;] Alle Alben [\/vc_column_text][\/vc_column][vc_column width=&#8221;1\/2&#8243;][vc_column_text css=&#8221;&#8221;]Wo die strenge Disziplin des Balletts auf die k\u00fchne Welt des Latex trifft, entsteht eine neue Form von Kunst: flie\u00dfend, kraftvoll und unverwechselbar originell. Klick dich durch und erlebe eine kulturelle Synthese, die herausfordert und fesselt.[\/vc_column_text][\/vc_column][vc_column width=&#8221;1\/2&#8243;][vc_column_text css=&#8221;&#8221;]Latex formt den K\u00f6rper [&hellip;]<\/p>\n","protected":false},"author":2,"featured_media":0,"parent":0,"menu_order":0,"comment_status":"closed","ping_status":"closed","template":"","meta":{"wds_primary_fbv_pt_tax_page":0,"footnotes":""},"class_list":["post-4670","page","type-page","status-publish","hentry"],"_links":{"self":[{"href":"https:\/\/latexballerina.com\/de\/wp-json\/wp\/v2\/pages\/4670","targetHints":{"allow":["GET"]}}],"collection":[{"href":"https:\/\/latexballerina.com\/de\/wp-json\/wp\/v2\/pages"}],"about":[{"href":"https:\/\/latexballerina.com\/de\/wp-json\/wp\/v2\/types\/page"}],"author":[{"embeddable":true,"href":"https:\/\/latexballerina.com\/de\/wp-json\/wp\/v2\/users\/2"}],"replies":[{"embeddable":true,"href":"https:\/\/latexballerina.com\/de\/wp-json\/wp\/v2\/comments?post=4670"}],"version-history":[{"count":0,"href":"https:\/\/latexballerina.com\/de\/wp-json\/wp\/v2\/pages\/4670\/revisions"}],"wp:attachment":[{"href":"https:\/\/latexballerina.com\/de\/wp-json\/wp\/v2\/media?parent=4670"}],"curies":[{"name":"wp","href":"https:\/\/api.w.org\/{rel}","templated":true}]}}