{"id":5841,"date":"2019-07-09T22:15:48","date_gmt":"2019-07-09T20:15:48","guid":{"rendered":"https:\/\/latexballerina.com\/support\/"},"modified":"2026-03-14T15:16:20","modified_gmt":"2026-03-14T14:16:20","slug":"contact","status":"publish","type":"page","link":"https:\/\/latexballerina.com\/fr\/contact\/","title":{"rendered":"Contact"},"content":{"rendered":"<div class=\"wpb-content-wrapper\">[vc_row content_placement=&#8221;top&#8221; thb_column_padding=&#8221;true&#8221;][vc_column offset=&#8221;vc_col-lg-6&#8243;][vc_column_text css=&#8221;&#8221;]<div class=\"forminator-ui forminator-custom-form forminator-custom-form-16650 forminator-design--material  forminator_ajax\" data-forminator-render=\"0\" data-form=\"forminator-module-16650\" data-uid=\"69f1fb8d5269b\"><br\/><\/div><form\r\n\t\t\t\tid=\"forminator-module-16650\"\r\n\t\t\t\tclass=\"forminator-ui forminator-custom-form forminator-custom-form-16650 forminator-design--material  forminator_ajax\"\r\n\t\t\t\tmethod=\"post\"\r\n\t\t\t\tdata-forminator-render=\"0\"\r\n\t\t\t\tdata-form-id=\"16650\"\r\n\t\t\t\tenctype=\"multipart\/form-data\" data-color-option=\"theme\" data-design=\"material\" data-grid=\"open\" style=\"display: none;\"\r\n\t\t\t\tdata-uid=\"69f1fb8d5269b\"\r\n\t\t\t><div role=\"alert\" aria-live=\"polite\" class=\"forminator-response-message forminator-error\" aria-hidden=\"true\"><\/div><div class=\"forminator-row\"><div id=\"text-1\" class=\"forminator-field-text forminator-col forminator-col-6 \"><div class=\"forminator-field\"><label for=\"forminator-field-text-1_69f1fb8d5269b\" id=\"forminator-field-text-1_69f1fb8d5269b-label\" class=\"forminator-label\">Username <span class=\"forminator-required\">*<\/span><\/label><input type=\"text\" name=\"text-1\" value=\"\" placeholder=\"\" id=\"forminator-field-text-1_69f1fb8d5269b\" class=\"forminator-input forminator-name--field\" data-required=\"1\" maxlength=\"256\" aria-describedby=\"forminator-field-text-1_69f1fb8d5269b-description\" \/><span id=\"forminator-field-text-1_69f1fb8d5269b-description\" class=\"forminator-description\">Your username not your email address<span data-limit=\"256\" data-type=\"characters\">0 \/ 256<\/span><\/span><\/div><\/div><div id=\"name-1\" class=\"forminator-field-name forminator-col forminator-col-6 \"><div class=\"forminator-field\"><label for=\"forminator-field-name-1_69f1fb8d5269b\" id=\"forminator-field-name-1_69f1fb8d5269b-label\" class=\"forminator-label\">Your Name <span class=\"forminator-required\">*<\/span><\/label><input type=\"text\" name=\"name-1\" value=\"\" placeholder=\"E.g. John Doe\" id=\"forminator-field-name-1_69f1fb8d5269b\" class=\"forminator-input forminator-name--field\" aria-required=\"true\" autocomplete=\"name\" \/><\/div><\/div><\/div><div class=\"forminator-row\"><div id=\"email-1\" class=\"forminator-field-email forminator-col forminator-col-6 \"><div class=\"forminator-field\"><label for=\"forminator-field-email-1_69f1fb8d5269b\" id=\"forminator-field-email-1_69f1fb8d5269b-label\" class=\"forminator-label\">Email Address <span class=\"forminator-required\">*<\/span><\/label><input type=\"email\" name=\"email-1\" value=\"\" placeholder=\"E.g. john@doe.com\" id=\"forminator-field-email-1_69f1fb8d5269b\" class=\"forminator-input forminator-email--field\" data-required=\"true\" aria-required=\"true\" autocomplete=\"email\" \/><\/div><\/div><div id=\"phone-1\" class=\"forminator-field-phone forminator-col forminator-col-6 \"><div class=\"forminator-field\"><label for=\"forminator-field-phone-1_69f1fb8d5269b\" id=\"forminator-field-phone-1_69f1fb8d5269b-label\" class=\"forminator-label\">Phone Number<\/label><input type=\"text\" name=\"phone-1\" value=\"\" placeholder=\"E.g. +1 3004005000\" id=\"forminator-field-phone-1_69f1fb8d5269b\" class=\"forminator-input forminator-field--phone\" data-required=\"\" aria-required=\"false\" autocomplete=\"off\" \/><\/div><\/div><\/div><div class=\"forminator-row\"><div id=\"select-1\" class=\"forminator-field-select forminator-col forminator-col-6 \"><div class=\"forminator-field\"><label for=\"forminator-form-16650__field--select-1_69f1fb8d5269b\" id=\"forminator-form-16650__field--select-1_69f1fb8d5269b-label\" class=\"forminator-label\">Select <span class=\"forminator-required\">*<\/span><\/label><select  id=\"forminator-form-16650__field--select-1_69f1fb8d5269b\" class=\"forminator-select--field forminator-select2 forminator-select2-multiple\" data-required=\"1\" name=\"select-1\" data-default-value=\"\" data-hidden-behavior=\"zero\" data-placeholder=\"Choose the topic of your request\" data-search=\"true\" data-search-placeholder=\"Choose the topic of your request\" data-checkbox=\"false\" data-allow-clear=\"false\" aria-labelledby=\"forminator-form-16650__field--select-1_69f1fb8d5269b-label\"><option value=\"\"  >Choose the topic of your request<\/option><option value=\"Error-reporting\"  data-calculation=\"0\">Error reporting<\/option><option value=\"one\"  data-calculation=\"0\">Billing issue<\/option><option value=\"two\"  data-calculation=\"0\">Login problems<\/option><option value=\"Technical-difficulties\"  data-calculation=\"0\">Technical difficulties<\/option><option value=\"Other-issues\"  data-calculation=\"0\">Other issues<\/option><\/select><\/div><\/div><div id=\"checkbox-1\" class=\"forminator-field-checkbox forminator-col forminator-col-6 \"><div role=\"group\" class=\"forminator-field required\" aria-labelledby=\"forminator-checkbox-group-forminator-field-checkbox-1-69f1fb8d5269b-label\"><span id=\"forminator-checkbox-group-forminator-field-checkbox-1-69f1fb8d5269b-label\" class=\"forminator-label\">I had this problem previously. <span class=\"forminator-required\">*<\/span><\/span><label id=\"forminator-field-checkbox-1-1-69f1fb8d5269b-label\" for=\"forminator-field-checkbox-1-1-69f1fb8d5269b\" class=\"forminator-checkbox forminator-checkbox-inline\" title=\"Yes\"><input type=\"checkbox\" name=\"checkbox-1[]\" value=\"one\" id=\"forminator-field-checkbox-1-1-69f1fb8d5269b\" aria-labelledby=\"forminator-field-checkbox-1-1-69f1fb8d5269b-label\" data-calculation=\"0\"   data-hidden-behavior=\"zero\"\/><span class=\"forminator-checkbox-box\" aria-hidden=\"true\"><\/span><span class=\"forminator-checkbox-label\">Yes<\/span><\/label><label id=\"forminator-field-checkbox-1-2-69f1fb8d5269b-label\" for=\"forminator-field-checkbox-1-2-69f1fb8d5269b\" class=\"forminator-checkbox forminator-checkbox-inline\" title=\"No\"><input type=\"checkbox\" name=\"checkbox-1[]\" value=\"two\" id=\"forminator-field-checkbox-1-2-69f1fb8d5269b\" aria-labelledby=\"forminator-field-checkbox-1-2-69f1fb8d5269b-label\" data-calculation=\"0\"   data-hidden-behavior=\"zero\"\/><span class=\"forminator-checkbox-box\" aria-hidden=\"true\"><\/span><span class=\"forminator-checkbox-label\">No<\/span><\/label><\/div><\/div><\/div><div class=\"forminator-row\"><div id=\"text-3\" class=\"forminator-field-text forminator-col forminator-col-6 \"><div class=\"forminator-field\"><label for=\"forminator-field-text-3_69f1fb8d5269b\" id=\"forminator-field-text-3_69f1fb8d5269b-label\" class=\"forminator-label\">Your operating system version and build number <span class=\"forminator-required\">*<\/span><\/label><input type=\"text\" name=\"text-3\" value=\"\" placeholder=\"E.g. macOS 15.5 (24F5053f)\" id=\"forminator-field-text-3_69f1fb8d5269b\" class=\"forminator-input forminator-name--field\" data-required=\"1\" maxlength=\"256\" aria-describedby=\"forminator-field-text-3_69f1fb8d5269b-description\" \/><span id=\"forminator-field-text-3_69f1fb8d5269b-description\" class=\"forminator-description\">Check the about section of your operating system<span data-limit=\"256\" data-type=\"characters\">0 \/ 256<\/span><\/span><\/div><\/div><div id=\"text-2\" class=\"forminator-field-text forminator-col forminator-col-6 \"><div class=\"forminator-field\"><label for=\"forminator-field-text-2_69f1fb8d5269b\" id=\"forminator-field-text-2_69f1fb8d5269b-label\" class=\"forminator-label\">Your browser version and build number <span class=\"forminator-required\">*<\/span><\/label><input type=\"text\" name=\"text-2\" value=\"\" placeholder=\"E.g. Brave Version 1.77 (99)\" id=\"forminator-field-text-2_69f1fb8d5269b\" class=\"forminator-input forminator-name--field\" data-required=\"1\" maxlength=\"256\" aria-describedby=\"forminator-field-text-2_69f1fb8d5269b-description\" \/><span id=\"forminator-field-text-2_69f1fb8d5269b-description\" class=\"forminator-description\">Check the about section of your browser<span data-limit=\"256\" data-type=\"characters\">0 \/ 256<\/span><\/span><\/div><\/div><\/div><div class=\"forminator-row\"><div id=\"textarea-1\" class=\"forminator-field-textarea forminator-col forminator-col-12 \"><div class=\"forminator-field\"><label for=\"forminator-field-textarea-1_69f1fb8d5269b\" id=\"forminator-field-textarea-1_69f1fb8d5269b-label\" class=\"forminator-label\">Message <span class=\"forminator-required\">*<\/span><\/label><textarea name=\"textarea-1\" placeholder=\"Enter your message...\" id=\"forminator-field-textarea-1_69f1fb8d5269b\" class=\"forminator-textarea\" rows=\"6\" style=\"--forminator-textarea-min-height:140px;\" maxlength=\"4000\" aria-describedby=\"forminator-field-textarea-1_69f1fb8d5269b-description\" ><\/textarea><span id=\"forminator-field-textarea-1_69f1fb8d5269b-description\" class=\"forminator-description\">Describe your problem as good as possible with links and screenshots below<span data-limit=\"4000\" data-type=\"characters\" data-editor=\"\">0 \/ 4000<\/span><\/span><\/div><\/div><\/div><div class=\"forminator-row\"><div id=\"upload-1\" class=\"forminator-field-upload forminator-col forminator-col-12 \"><div class=\"forminator-field\"><label for=\"forminator-field-upload-1_69f1fb8d5269b\" id=\"forminator-field-upload-1_69f1fb8d5269b-label\" class=\"forminator-label\">Upload files<\/label><div class=\"forminator-multi-upload \" data-element=\"upload-1_69f1fb8d5269b\" aria-describedby=\"forminator-field-upload-1_69f1fb8d5269b-description\"><input type=\"file\" name=\"upload-1[]\" id=\"forminator-field-upload-1_69f1fb8d5269b\" class=\"forminator-input-file forminator-field-upload-1_69f1fb8d5269b-16650\" multiple=\"multiple\" data-method=\"ajax\" accept=\".avif,.heif,.heics,.heifs,.jpg,.jpeg,.jpe,.png\" data-limit=\"5\" data-limit-message=\"You can upload a maximum of 5 files.\" data-size=\"4000000\" data-size-message=\"Maximum file size allowed is 4 MB. \" data-filetype=\"avif|heif|heics|heifs|jpg|jpeg|jpe|png\" data-filetype-message=\"file extension is not allowed.\"><div class=\"forminator-multi-upload-message\" aria-hidden=\"true\"><span class=\"forminator-icon-upload\" aria-hidden=\"true\"><\/span><p>Drag and Drop (or) <a class=\"forminator-upload-file--forminator-field-upload-1_69f1fb8d5269b\" href=\"#\" onclick=\"return false;\">Choose Files<\/a><\/p><\/div><\/div><span id=\"forminator-field-upload-1_69f1fb8d5269b-description\" class=\"forminator-description\">Upload relevant screenshots in JPEG\/JPG\/PNG format (max 4MB per file)<\/span><ul class=\"forminator-uploaded-files upload-container-upload-1_69f1fb8d5269b\"><\/ul><\/div><\/div><\/div><div class=\"forminator-row\"><div id=\"captcha-1\" class=\"forminator-field-captcha forminator-col forminator-col-12 \"><div class=\"forminator-captcha-left forminator-g-recaptcha recaptcha-invisible\" data-theme=\"dark\" data-badge=\"inline\" data-sitekey=\"6LchIR0rAAAAAFQ__ClxqCUQgXZKDB_UbweGUrCq\" data-size=\"invisible\"><\/div> <\/div><\/div><input type=\"hidden\" name=\"referer_url\" value=\"\" \/><div class=\"forminator-row forminator-row-last\"><div class=\"forminator-col\"><div class=\"forminator-field\"><button class=\"forminator-button forminator-button-submit\"><span>Send Message<\/span><span aria-hidden=\"true\"><\/span><\/button><\/div><\/div><\/div><input type=\"hidden\" id=\"forminator_nonce\" name=\"forminator_nonce\" value=\"b6985f6430\" \/><input type=\"hidden\" name=\"_wp_http_referer\" value=\"\/fr\/wp-json\/wp\/v2\/pages\/5841\" \/><input type=\"hidden\" name=\"form_id\" value=\"16650\"><input type=\"hidden\" name=\"page_id\" value=\"5841\"><input type=\"hidden\" name=\"form_type\" value=\"default\"><input type=\"hidden\" name=\"current_url\" value=\"https:\/\/latexballerina.com\/fr\/contact\/\"><input type=\"hidden\" name=\"render_id\" value=\"0\"><input type=\"hidden\" name=\"forminator-multifile-hidden\" class=\"forminator-multifile-hidden\"><input type=\"hidden\" name=\"action\" value=\"forminator_submit_form_custom-forms\"><label for=\"input_11\" class=\"forminator-hidden\" aria-hidden=\"true\">Please do not fill in this field. <input id=\"input_11\" type=\"text\" name=\"input_11\" value=\"\" autocomplete=\"off\"><\/label><\/form>[\/vc_column_text][\/vc_column][vc_column animation=&#8221;animation bottom-to-top&#8221; offset=&#8221;vc_col-lg-6&#8243; css=&#8221;.vc_custom_1770910928844{padding-top: 100px !important;padding-right: 10% !important;padding-bottom: 40px !important;padding-left: 10% !important;}&#8221;][vc_row_inner et_max_width=&#8221;&#8221; rtl_reverse=&#8221;yes&#8221;][vc_column_inner width=&#8221;1\/2&#8243;][vc_column_text css=&#8221;.vc_custom_1770911816343{margin-bottom: 20px !important;padding-bottom: 20px !important;}&#8221;]\n<h3>Mentions l\u00e9gales \/ Impressum<\/h3>\n<p><strong>Conform\u00e9ment \u00e0 l\u2019article 5 de la loi allemande sur les t\u00e9l\u00e9communications (TMG):<\/strong><br \/>\nLatex Ballerina &#8211; Evie Fay\u00e9<br \/>\nsalll \u2013 Larum<br \/>\nBonner Str. 327<br \/>\n50968 Cologne<br \/>\nAllemagne<\/p>\n<p><strong>Repr\u00e9sent\u00e9 par:<\/strong><br \/>\nsalll Germany<\/p>\n<p><strong>Contact:<\/strong><br \/>\nT\u00e9l\u00e9phone : +49 (0)170 69 27 511<br \/>\nE-mail : mail@latexballerina.com<br \/>\nSite web: https:\/\/larum.photography<\/p>\n<p><strong>Inscription au registre du commerce:<\/strong><br \/>\nNum\u00e9ro d\u2019identification \u00e9conomique\/Num\u00e9ro de TVA : 219\/5264\/3778<\/p>\n<p><strong>Responsable du contenu conform\u00e9ment \u00e0 l\u2019article 55 al. 2 RStV:<\/strong><br \/>\nRaymond Kerrin Larum<\/p>\n<p><strong>Plateforme de r\u00e8glement en ligne des litiges (ODR):<\/strong><br \/>\nhttps:\/\/ec.europa.eu\/consumers\/odr<br \/>\nNous ne sommes ni dispos\u00e9s ni tenus de participer \u00e0 une proc\u00e9dure de r\u00e8glement des litiges devant un organisme d\u2019arbitrage des consommateurs.[\/vc_column_text][\/vc_column_inner][vc_column_inner width=&#8221;1\/2&#8243;][vc_column_text css=&#8221;&#8221;]\n<h3>Contactez-moi<\/h3>\n<p>N\u2019h\u00e9sitez pas \u00e0 me contacter par e-mail. Pas de support client ici!<br \/>\n<a href=\"mailto:evie@latexballerina.com\" rel=\"\">evie@latexballerina.com<\/a><\/p>\n<p>Pour les demandes commerciales, utilisez l\u2019adresse e-mail suivante.<br \/>\n<a href=\"mailto:mail@salll.com\">mail@salll.com<\/a><\/p>\n<p>Photographe &amp; vid\u00e9aste:<br \/>\n<a href=\"mailto:mail@larum.photography\">mail@larum.photography<\/a><\/p>\n[\/vc_column_text][vc_empty_space height=&#8221;30px&#8221;][vc_column_text css=&#8221;&#8221;]<div class=\"forminator-ui forminator-custom-form forminator-custom-form-16653 forminator-design--material forminator-enclosed forminator_ajax draft-enabled\" data-forminator-render=\"0\" data-form=\"forminator-module-16653\" data-uid=\"69f1fb8d55932\"><br\/><\/div><form\r\n\t\t\t\tid=\"forminator-module-16653\"\r\n\t\t\t\tclass=\"forminator-ui forminator-custom-form forminator-custom-form-16653 forminator-design--material forminator-enclosed forminator_ajax draft-enabled\"\r\n\t\t\t\tmethod=\"post\"\r\n\t\t\t\tdata-forminator-render=\"0\"\r\n\t\t\t\tdata-form-id=\"16653\"\r\n\t\t\t\t data-color-option=\"theme\" data-design=\"material\" data-grid=\"enclosed\" style=\"display: none;\"\r\n\t\t\t\tdata-uid=\"69f1fb8d55932\"\r\n\t\t\t><div role=\"alert\" aria-live=\"polite\" class=\"forminator-response-message forminator-error\" aria-hidden=\"true\"><\/div><div class=\"forminator-row\"><div id=\"name-1\" class=\"forminator-field-name forminator-col forminator-col-12 \"><div class=\"forminator-field\"><label for=\"forminator-field-name-1_69f1fb8d55932\" id=\"forminator-field-name-1_69f1fb8d55932-label\" class=\"forminator-label\">Name <span class=\"forminator-required\">*<\/span><\/label><input type=\"text\" name=\"name-1\" value=\"\" placeholder=\"\" id=\"forminator-field-name-1_69f1fb8d55932\" class=\"forminator-input forminator-name--field\" aria-required=\"true\" autocomplete=\"name\" \/><\/div><\/div><\/div><div class=\"forminator-row\"><div id=\"email-1\" class=\"forminator-field-email forminator-col forminator-col-12 \"><div class=\"forminator-field\"><label for=\"forminator-field-email-1_69f1fb8d55932\" id=\"forminator-field-email-1_69f1fb8d55932-label\" class=\"forminator-label\">Email Address <span class=\"forminator-required\">*<\/span><\/label><input type=\"email\" name=\"email-1\" value=\"\" placeholder=\"\" id=\"forminator-field-email-1_69f1fb8d55932\" class=\"forminator-input forminator-email--field\" data-required=\"true\" aria-required=\"true\" autocomplete=\"email\" \/><\/div><\/div><\/div><div class=\"forminator-row\"><div id=\"phone-1\" class=\"forminator-field-phone forminator-col forminator-col-12 \"><div class=\"forminator-field\"><label for=\"forminator-field-phone-1_69f1fb8d55932\" id=\"forminator-field-phone-1_69f1fb8d55932-label\" class=\"forminator-label\">Phone Number<\/label><input type=\"text\" name=\"phone-1\" value=\"\" placeholder=\"\" id=\"forminator-field-phone-1_69f1fb8d55932\" class=\"forminator-input forminator-field--phone\" data-required=\"\" aria-required=\"false\" autocomplete=\"off\" \/><\/div><\/div><\/div><div class=\"forminator-row\"><div id=\"textarea-1\" class=\"forminator-field-textarea forminator-col forminator-col-12 \"><div class=\"forminator-field\"><label for=\"forminator-field-textarea-1_69f1fb8d55932\" id=\"forminator-field-textarea-1_69f1fb8d55932-label\" class=\"forminator-label\">Message <span class=\"forminator-required\">*<\/span><\/label><span id=\"forminator-field-textarea-1_69f1fb8d55932-description\" class=\"forminator-description\"><span data-limit=\"180\" data-type=\"characters\" data-editor=\"\">0 \/ 180<\/span><\/span><textarea name=\"textarea-1\" placeholder=\"\" id=\"forminator-field-textarea-1_69f1fb8d55932\" class=\"forminator-textarea\" rows=\"6\" style=\"--forminator-textarea-min-height:140px;\" maxlength=\"180\" ><\/textarea><\/div><\/div><\/div><input type=\"hidden\" name=\"referer_url\" value=\"\" \/><div class=\"forminator-row forminator-row-last\"><div class=\"forminator-col\"><div class=\"forminator-field\"><button class=\"forminator-button forminator-button-submit\"><span>Submit<\/span><span aria-hidden=\"true\"><\/span><\/button><a href=\"#\" class=\"forminator-save-draft-link disabled\" title=\"Fill in form fields before saving it as a draft\" formnovalidate>Save as Draft<\/a><\/div><\/div><\/div><input type=\"hidden\" id=\"forminator_nonce\" name=\"forminator_nonce\" value=\"eb87ef6f42\" \/><input type=\"hidden\" name=\"_wp_http_referer\" value=\"\/fr\/wp-json\/wp\/v2\/pages\/5841\" \/><input type=\"hidden\" name=\"form_id\" value=\"16653\"><input type=\"hidden\" name=\"page_id\" value=\"5841\"><input type=\"hidden\" name=\"form_type\" value=\"default\"><input type=\"hidden\" name=\"current_url\" value=\"https:\/\/latexballerina.com\/fr\/contact\/\"><input type=\"hidden\" name=\"render_id\" value=\"0\"><input type=\"hidden\" name=\"action\" value=\"forminator_submit_form_custom-forms\"><input type=\"hidden\" name=\"save_draft\" value=\"false\"><label for=\"input_5\" class=\"forminator-hidden\" aria-hidden=\"true\">Please do not fill in this field. <input id=\"input_5\" type=\"text\" name=\"input_5\" value=\"\" autocomplete=\"off\"><\/label><\/form>[\/vc_column_text][\/vc_column_inner][\/vc_row_inner][\/vc_column][\/vc_row]\n<\/div>","protected":false},"excerpt":{"rendered":"<p>[vc_row content_placement=&#8221;top&#8221; thb_column_padding=&#8221;true&#8221;][vc_column offset=&#8221;vc_col-lg-6&#8243;][vc_column_text css=&#8221;&#8221;][\/vc_column_text][\/vc_column][vc_column animation=&#8221;animation bottom-to-top&#8221; offset=&#8221;vc_col-lg-6&#8243; css=&#8221;.vc_custom_1770910928844{padding-top: 100px !important;padding-right: 10% !important;padding-bottom: 40px !important;padding-left: 10% !important;}&#8221;][vc_row_inner et_max_width=&#8221;&#8221; rtl_reverse=&#8221;yes&#8221;][vc_column_inner width=&#8221;1\/2&#8243;][vc_column_text css=&#8221;.vc_custom_1770911816343{margin-bottom: 20px !important;padding-bottom: 20px !important;}&#8221;] Mentions l\u00e9gales \/ Impressum Conform\u00e9ment \u00e0 l\u2019article 5 de la loi allemande sur les t\u00e9l\u00e9communications (TMG): Latex Ballerina &#8211; Evie Fay\u00e9 salll \u2013 Larum Bonner [&hellip;]<\/p>\n","protected":false},"author":2,"featured_media":0,"parent":0,"menu_order":0,"comment_status":"closed","ping_status":"closed","template":"","meta":{"wds_primary_fbv_pt_tax_page":0,"footnotes":""},"class_list":["post-5841","page","type-page","status-publish","hentry"],"_links":{"self":[{"href":"https:\/\/latexballerina.com\/fr\/wp-json\/wp\/v2\/pages\/5841","targetHints":{"allow":["GET"]}}],"collection":[{"href":"https:\/\/latexballerina.com\/fr\/wp-json\/wp\/v2\/pages"}],"about":[{"href":"https:\/\/latexballerina.com\/fr\/wp-json\/wp\/v2\/types\/page"}],"author":[{"embeddable":true,"href":"https:\/\/latexballerina.com\/fr\/wp-json\/wp\/v2\/users\/2"}],"replies":[{"embeddable":true,"href":"https:\/\/latexballerina.com\/fr\/wp-json\/wp\/v2\/comments?post=5841"}],"version-history":[{"count":0,"href":"https:\/\/latexballerina.com\/fr\/wp-json\/wp\/v2\/pages\/5841\/revisions"}],"wp:attachment":[{"href":"https:\/\/latexballerina.com\/fr\/wp-json\/wp\/v2\/media?parent=5841"}],"curies":[{"name":"wp","href":"https:\/\/api.w.org\/{rel}","templated":true}]}}